{"id":538,"date":"2020-11-28T10:58:52","date_gmt":"2020-11-28T10:58:52","guid":{"rendered":"https:\/\/percycar.com\/estaciones\/?page_id=538"},"modified":"2022-12-27T15:32:53","modified_gmt":"2022-12-27T15:32:53","slug":"inicio","status":"publish","type":"page","link":"https:\/\/percycar.com\/estaciones\/","title":{"rendered":"Inicio"},"content":{"rendered":"\t\t<div data-elementor-type=\"post\" data-elementor-id=\"538\" class=\"elementor elementor-538\" data-elementor-settings=\"[]\">\n\t\t\t<div class=\"elementor-inner\">\n\t\t\t\t<div class=\"elementor-section-wrap\">\n\t\t\t\t\t\t\t<section class=\"elementor-element elementor-element-19e84f4e elementor-section-full_width elementor-section-height-default elementor-section-height-default elementor-section elementor-top-section\" data-id=\"19e84f4e\" data-element_type=\"section\">\n\t\t\t\t\t\t<div class=\"elementor-container elementor-column-gap-default\">\n\t\t\t\t<div class=\"elementor-row\">\n\t\t\t\t<div class=\"elementor-element elementor-element-554f723b elementor-column elementor-col-100 elementor-top-column\" data-id=\"554f723b\" data-element_type=\"column\">\n\t\t\t<div class=\"elementor-column-wrap  elementor-element-populated\">\n\t\t\t\t\t<div class=\"elementor-widget-wrap\">\n\t\t\t\t<div class=\"elementor-element elementor-element-3cc46d51 elementor-align-left elementor-widget elementor-widget-bdevs-slider\" data-id=\"3cc46d51\" data-element_type=\"widget\" data-widget_type=\"bdevs-slider.default\">\n\t\t\t\t<div class=\"elementor-widget-container\">\n\t\t\t\t\t\t\t<div class=\"animation-slide owl-carousel owl-theme\" id=\"animation-slide\">\r\n        \t\t\t\t\t\t\t\t            <div class=\"single-slide\" style=\"background: url(https:\/\/percycar.com\/estaciones\/wp-content\/uploads\/2022\/12\/portada-web.png) center center no-repeat; background-size: cover;\">\r\n                <div class=\"container\">\r\n                    <div class=\"row justify-content-xl-start justify-content-lg-center\">\r\n                        <div class=\"col-xl-7 col-lg-7\">\r\n                            <div class=\"banner-content\">\r\n                                <div class=\"slide-text\">\r\n                                \t                                    <h2>Estaci\u00f3n de servicio <span class=\"first\">Paracas<\/span> <\/h2>\r\n                                                                                                            <div class=\"slide-buttons\">\r\n                                    \t                                                                                <a href=\"https:\/\/percycar.com\/estaciones\/estacion-paracas\/\" class=\"slide-btn\">Ver m\u00e1s<\/a>\r\n                                                                            <\/div>\r\n                                <\/div>\r\n                            <\/div>\r\n                        <\/div>\r\n                    <\/div>\r\n                <\/div>\r\n            <\/div>\r\n            \t\t\t\t\t\t\t            <div class=\"single-slide\" style=\"background: url(https:\/\/percycar.com\/estaciones\/wp-content\/uploads\/2020\/12\/eduardologas-6.png) center center no-repeat; background-size: cover;\">\r\n                <div class=\"container\">\r\n                    <div class=\"row justify-content-xl-start justify-content-lg-center\">\r\n                        <div class=\"col-xl-7 col-lg-7\">\r\n                            <div class=\"banner-content\">\r\n                                <div class=\"slide-text\">\r\n                                \t                                    <h2>Estaci\u00f3n de servicio <span class=\"first\">Maria Reiche<\/span> <\/h2>\r\n                                                                                                            <div class=\"slide-buttons\">\r\n                                    \t                                                                                <a href=\"https:\/\/percycar.com\/estaciones\/estacion-maria-reiche\/\" class=\"slide-btn\">Ver m\u00e1s<\/a>\r\n                                                                            <\/div>\r\n                                <\/div>\r\n                            <\/div>\r\n                        <\/div>\r\n                    <\/div>\r\n                <\/div>\r\n            <\/div>\r\n            \t\t\t\t\t\t\t            <div class=\"single-slide\" style=\"background: url(https:\/\/percycar.com\/estaciones\/wp-content\/uploads\/2020\/12\/estacion-elsol.jpg) center center no-repeat; background-size: cover;\">\r\n                <div class=\"container\">\r\n                    <div class=\"row justify-content-xl-start justify-content-lg-center\">\r\n                        <div class=\"col-xl-7 col-lg-7\">\r\n                            <div class=\"banner-content\">\r\n                                <div class=\"slide-text\">\r\n                                \t                                    <h2>Estaci\u00f3n de servicio <span class=\"first\">El Sol<\/span> <\/h2>\r\n                                                                                                            <div class=\"slide-buttons\">\r\n                                    \t                                                                                <a href=\"https:\/\/percycar.com\/estaciones\/estacion-el-sol\/\" class=\"slide-btn\">Ver m\u00e1s<\/a>\r\n                                                                            <\/div>\r\n                                <\/div>\r\n                            <\/div>\r\n                        <\/div>\r\n                    <\/div>\r\n                <\/div>\r\n            <\/div>\r\n                    <\/div>\t\r\n        \t\r\n\r\n\t\t\t<\/div>\n\t\t\t\t<\/div>\n\t\t\t\t\t\t<\/div>\n\t\t\t<\/div>\n\t\t<\/div>\n\t\t\t\t\t\t<\/div>\n\t\t\t<\/div>\n\t\t<\/section>\n\t\t\t\t<section class=\"elementor-element elementor-element-d2f49b2 elementor-section-boxed elementor-section-height-default elementor-section-height-default elementor-section elementor-top-section\" data-id=\"d2f49b2\" data-element_type=\"section\">\n\t\t\t\t\t\t<div class=\"elementor-container elementor-column-gap-default\">\n\t\t\t\t<div class=\"elementor-row\">\n\t\t\t\t<div class=\"elementor-element elementor-element-174c5d8 elementor-column elementor-col-100 elementor-top-column\" data-id=\"174c5d8\" data-element_type=\"column\">\n\t\t\t<div class=\"elementor-column-wrap  elementor-element-populated\">\n\t\t\t\t\t<div class=\"elementor-widget-wrap\">\n\t\t\t\t<div class=\"elementor-element elementor-element-d4e8860 elementor-align-left elementor-widget elementor-widget-bdevs-process\" data-id=\"d4e8860\" data-element_type=\"widget\" data-widget_type=\"bdevs-process.default\">\n\t\t\t\t<div class=\"elementor-widget-container\">\n\t\t\t\t\t<!-- process begin -->\r\n        <div class=\"process\">\r\n            <div class=\"container\">\r\n                <div class=\"row justify-content-center\">\r\n                    <div class=\"col-xl-5 col-lg-5\">\r\n                        <div class=\"section-title style-3\">\r\n                        \t                            <span class=\"sub-title\"><img loading=\"lazy\" class=\"alignnone size-full wp-image-1025\" src=\"https:\/\/percycar.com\/estaciones\/wp-content\/uploads\/2021\/01\/diesel_text.png\" alt=\"\" width=\"129\" height=\"124\" \/><br \/><\/span>\r\n                                                                                    <h2>Estaciones de servicio<\/h2>\r\n                                                    <\/div>\r\n                    <\/div>\r\n                <\/div>\r\n            <\/div>\r\n            <div class=\"container\">\r\n                <div class=\"step\">\r\n                    <img src=\"https:\/\/percycar.com\/estaciones\/wp-content\/themes\/industrio3\/assets\/img\/step.png\" alt=\"\">\r\n                <\/div>\r\n                <div class=\"row\">\r\n                \t\t\t\t\t\t\t\t\t\t\t\t\t\t\t\t\t                    <div class=\"col-xl-3 col-lg-3 col-sm-6\">\r\n                        <div class=\"single-process\">\r\n                            <div class=\"part-icon\">\r\n                                <span class=\"step-num\">1<\/span>\r\n                                <img src=\"https:\/\/percycar.com\/estaciones\/wp-content\/uploads\/2021\/01\/SuperGPrix-Pin.png\" alt=\"\">\r\n                            <\/div>\r\n                            <h4>Paracas<\/h4>\r\n                            <p>Estaci\u00f3n de Servicio<\/p>\r\n                            <a href=\"https:\/\/percycar.com\/estaciones\/estacion-paracas\/\">ver m\u00e1s  <i class=\"fas fa-angle-right\"><\/i><\/a>\r\n                        <\/div>\r\n                    <\/div>\r\n                \t                \t\t\t\t\t\t\t\t\t\t\t\t\t\t\t\t\t                    <div class=\"col-xl-3 col-lg-3 col-sm-6\">\r\n                        <div class=\"single-process down\">\r\n                            <div class=\"part-icon\">\r\n                                <span class=\"step-num\">2<\/span>\r\n                                <img src=\"https:\/\/percycar.com\/estaciones\/wp-content\/uploads\/2021\/01\/SuperGPrix-Pin.png\" alt=\"\">\r\n                            <\/div>\r\n                            <h4>Maria Reiche<\/h4>\r\n                            <p>Estaci\u00f3n de Servicio<\/p>\r\n                            <a href=\"https:\/\/percycar.com\/estaciones\/estacion-maria-reiche\/\">ver m\u00e1s  <i class=\"fas fa-angle-right\"><\/i><\/a>\r\n                        <\/div>\r\n                    <\/div>\r\n                \t                \t\t\t\t\t\t\t\t\t\t\t\t\t\t\t\t\t                    <div class=\"col-xl-3 col-lg-3 col-sm-6\">\r\n                        <div class=\"single-process\">\r\n                            <div class=\"part-icon\">\r\n                                <span class=\"step-num\">3<\/span>\r\n                                <img src=\"https:\/\/percycar.com\/estaciones\/wp-content\/uploads\/2021\/01\/SuperGPrix-Pin.png\" alt=\"\">\r\n                            <\/div>\r\n                            <h4>El Sol<\/h4>\r\n                            <p>Estaci\u00f3n de Servicio<\/p>\r\n                            <a href=\"https:\/\/percycar.com\/estaciones\/estacion-el-sol\/\">ver m\u00e1s  <i class=\"fas fa-angle-right\"><\/i><\/a>\r\n                        <\/div>\r\n                    <\/div>\r\n                \t                \t\t\t\t\t\t\t\t\t\t\t\t\t\t\t\t\t                    <div class=\"col-xl-3 col-lg-3 col-sm-6\">\r\n                        <div class=\"single-process down\">\r\n                            <div class=\"part-icon\">\r\n                                <span class=\"step-num\">4<\/span>\r\n                                <img src=\"https:\/\/percycar.com\/estaciones\/wp-content\/uploads\/2020\/12\/logo-qhatu.png\" alt=\"\">\r\n                            <\/div>\r\n                            <h4>Qhatu<\/h4>\r\n                            <p>Minimarket<\/p>\r\n                            <a href=\"https:\/\/percycar.com\/estaciones\/qhatu\/\">ver m\u00e1s  <i class=\"fas fa-angle-right\"><\/i><\/a>\r\n                        <\/div>\r\n                    <\/div>\r\n                \t                \t                <\/div>\r\n            <\/div>\r\n        <\/div>\r\n        <!-- process end -->\t\r\n\r\n\t\t\t<\/div>\n\t\t\t\t<\/div>\n\t\t\t\t\t\t<\/div>\n\t\t\t<\/div>\n\t\t<\/div>\n\t\t\t\t\t\t<\/div>\n\t\t\t<\/div>\n\t\t<\/section>\n\t\t\t\t<section class=\"elementor-element elementor-element-2299fb8 elementor-section-full_width elementor-section-height-default elementor-section-height-default elementor-section elementor-top-section\" data-id=\"2299fb8\" data-element_type=\"section\">\n\t\t\t\t\t\t<div class=\"elementor-container elementor-column-gap-default\">\n\t\t\t\t<div class=\"elementor-row\">\n\t\t\t\t<div class=\"elementor-element elementor-element-f539499 elementor-column elementor-col-100 elementor-top-column\" data-id=\"f539499\" data-element_type=\"column\">\n\t\t\t<div class=\"elementor-column-wrap  elementor-element-populated\">\n\t\t\t\t\t<div class=\"elementor-widget-wrap\">\n\t\t\t\t<div class=\"elementor-element elementor-element-9aac743 elementor-align-left elementor-widget elementor-widget-bdevs-about\" data-id=\"9aac743\" data-element_type=\"widget\" data-widget_type=\"bdevs-about.default\">\n\t\t\t\t<div class=\"elementor-widget-container\">\n\t\t\t        <!-- about begin -->\n        <div class=\"about about-2\">\n            <div class=\"container\">\n                <div class=\"row justify-content-between\">\n\n                    <div class=\"col-xl-6 col-lg-9\">\n                        <div class=\"part-text\">\n                        \t                            <span class=\"sub-title\"><\/span>\n                        \t                        \t                            <h2><img loading=\"lazy\" class=\"alignnone size-full wp-image-1025\" src=\"https:\/\/percycar.com\/estaciones\/wp-content\/uploads\/2021\/01\/diesel_text.png\" alt=\"\" width=\"129\" height=\"124\" \/><br \/>\nTe presentamos a:<br \/> <span class=\"marked\">NUEVO Di\u00e9sel Max-D<\/span><\/h2>\n                                                                                    <div class=\"p-body\">\n                                <p>Al ser representates del grupo Primax tenemos un compromiso constante en ofrecerte productos de la mejor calidad. Es por ello que presentamos al NUEVO Di\u00e9sel Max-D, un combustible dise\u00f1ado con las m\u00e1s alta tecnolog\u00eda para rendir mucho m\u00e1s tiempo y brindarle muchos m\u00e1s beneficios \u00fanicos a tu motor.<\/p><p>#M\u00e1s kil\u00f3metros #Menos paradas<\/p>                            <\/div>\n                                                                                <\/div>\n                    <\/div>\n\n                    <div class=\"col-xl-6 col-lg-12\">\n                        <div class=\"service-in-about\">\n                            <div class=\"row\">\n                            \t                                <div class=\"col-xl-6 col-lg-6 col-md-6\">\n                                    <div class=\"single-service\">\n                                    \t\t\t\t\t\t\t\t\t\t\t\t                                        <div class=\"part-icon\">\n                                            <img src=\"https:\/\/percycar.com\/estaciones\/wp-content\/uploads\/2021\/01\/ico1.png\" alt=\"\">\n                                        <\/div>\n                                        <div class=\"part-text\">\n                                            <h3>Ahorra al realizar menos paradas <\/h3>\n                                            <p><\/p>\n                                        <\/div>\n                                    <\/div>\n                                <\/div>\n                                                                <div class=\"col-xl-6 col-lg-6 col-md-6\">\n                                    <div class=\"single-service\">\n                                    \t\t\t\t\t\t\t\t\t\t\t\t                                        <div class=\"part-icon\">\n                                            <img src=\"https:\/\/percycar.com\/estaciones\/wp-content\/uploads\/2021\/01\/ico2.png\" alt=\"\">\n                                        <\/div>\n                                        <div class=\"part-text\">\n                                            <h3>Ayuda a reducir la producci\u00f3n de espuma <\/h3>\n                                            <p><\/p>\n                                        <\/div>\n                                    <\/div>\n                                <\/div>\n                                                                <div class=\"col-xl-6 col-lg-6 col-md-6\">\n                                    <div class=\"single-service\">\n                                    \t\t\t\t\t\t\t\t\t\t\t\t                                        <div class=\"part-icon\">\n                                            <img src=\"https:\/\/percycar.com\/estaciones\/wp-content\/uploads\/2021\/01\/ico3.png\" alt=\"\">\n                                        <\/div>\n                                        <div class=\"part-text\">\n                                            <h3>Reduce hasta un 20% en emisiones contaminantes <\/h3>\n                                            <p><\/p>\n                                        <\/div>\n                                    <\/div>\n                                <\/div>\n                                                                <div class=\"col-xl-6 col-lg-6 col-md-6\">\n                                    <div class=\"single-service\">\n                                    \t\t\t\t\t\t\t\t\t\t\t\t                                        <div class=\"part-icon\">\n                                            <img src=\"https:\/\/percycar.com\/estaciones\/wp-content\/uploads\/2021\/01\/ico4.png\" alt=\"\">\n                                        <\/div>\n                                        <div class=\"part-text\">\n                                            <h3>Ayuda a prevenir la corrosi\u00f3n y limpiar los inyectores <\/h3>\n                                            <p><\/p>\n                                        <\/div>\n                                    <\/div>\n                                <\/div>\n                                                            <\/div>\n                        <\/div>\n                    <\/div>\n                <\/div>\n            <\/div>\n        <\/div>\n        <!-- about end -->\n        \t\t\t<\/div>\n\t\t\t\t<\/div>\n\t\t\t\t\t\t<\/div>\n\t\t\t<\/div>\n\t\t<\/div>\n\t\t\t\t\t\t<\/div>\n\t\t\t<\/div>\n\t\t<\/section>\n\t\t\t\t<section class=\"elementor-element elementor-element-574ab9f elementor-section-boxed elementor-section-height-default elementor-section-height-default elementor-section elementor-top-section\" data-id=\"574ab9f\" data-element_type=\"section\">\n\t\t\t\t\t\t<div class=\"elementor-container elementor-column-gap-default\">\n\t\t\t\t<div class=\"elementor-row\">\n\t\t\t\t<div class=\"elementor-element elementor-element-e25af19 elementor-column elementor-col-50 elementor-top-column\" data-id=\"e25af19\" data-element_type=\"column\">\n\t\t\t<div class=\"elementor-column-wrap  elementor-element-populated\">\n\t\t\t\t\t<div class=\"elementor-widget-wrap\">\n\t\t\t\t<div class=\"elementor-element elementor-element-8f84d69 elementor-widget elementor-widget-heading\" data-id=\"8f84d69\" data-element_type=\"widget\" data-widget_type=\"heading.default\">\n\t\t\t\t<div class=\"elementor-widget-container\">\n\t\t\t<h2 class=\"elementor-heading-title elementor-size-default\">S\u00edguenos en nuestras redes:<\/h2>\t\t<\/div>\n\t\t\t\t<\/div>\n\t\t\t\t\t\t<\/div>\n\t\t\t<\/div>\n\t\t<\/div>\n\t\t\t\t<div class=\"elementor-element elementor-element-ba26bbd elementor-column elementor-col-50 elementor-top-column\" data-id=\"ba26bbd\" data-element_type=\"column\">\n\t\t\t<div class=\"elementor-column-wrap  elementor-element-populated\">\n\t\t\t\t\t<div class=\"elementor-widget-wrap\">\n\t\t\t\t<div class=\"elementor-element elementor-element-daa7620 elementor-shape-circle elementor-widget elementor-widget-social-icons\" data-id=\"daa7620\" data-element_type=\"widget\" data-widget_type=\"social-icons.default\">\n\t\t\t\t<div class=\"elementor-widget-container\">\n\t\t\t\t\t<div class=\"elementor-social-icons-wrapper\">\n\t\t\t\t\t\t\t<a class=\"elementor-icon elementor-social-icon elementor-social-icon-facebook\" href=\"https:\/\/web.facebook.com\/percycar.estaciones\" target=\"_blank\">\n\t\t\t\t\t<span class=\"elementor-screen-only\">Facebook<\/span>\n\t\t\t\t\t<i class=\"fa fa-facebook\"><\/i>\n\t\t\t\t<\/a>\n\t\t\t\t\t\t\t<a class=\"elementor-icon elementor-social-icon elementor-social-icon-instagram\" href=\"https:\/\/instagram.com\/percycar.estaciones\" target=\"_blank\">\n\t\t\t\t\t<span class=\"elementor-screen-only\">Instagram<\/span>\n\t\t\t\t\t<i class=\"fa fa-instagram\"><\/i>\n\t\t\t\t<\/a>\n\t\t\t\t\t<\/div>\n\t\t\t\t<\/div>\n\t\t\t\t<\/div>\n\t\t\t\t\t\t<\/div>\n\t\t\t<\/div>\n\t\t<\/div>\n\t\t\t\t\t\t<\/div>\n\t\t\t<\/div>\n\t\t<\/section>\n\t\t\t\t\t\t<\/div>\n\t\t\t<\/div>\n\t\t<\/div>\n\t\t","protected":false},"excerpt":{"rendered":"<p>Estaci\u00f3n de servicio Paracas Ver m\u00e1s Estaci\u00f3n de servicio Maria Reiche Ver m\u00e1s Estaci\u00f3n de servicio El Sol Ver m\u00e1s Estaciones de servicio 1 Paracas Estaci\u00f3n de Servicio ver m\u00e1s 2 Maria Reiche Estaci\u00f3n de Servicio ver m\u00e1s 3 El Sol Estaci\u00f3n de Servicio ver m\u00e1s 4 Qhatu Minimarket ver m\u00e1s Te presentamos a: NUEVO [&hellip;]<\/p>\n","protected":false},"author":1,"featured_media":0,"parent":0,"menu_order":0,"comment_status":"closed","ping_status":"closed","template":"page-templates\/home-1.php","meta":[],"_links":{"self":[{"href":"https:\/\/percycar.com\/estaciones\/wp-json\/wp\/v2\/pages\/538"}],"collection":[{"href":"https:\/\/percycar.com\/estaciones\/wp-json\/wp\/v2\/pages"}],"about":[{"href":"https:\/\/percycar.com\/estaciones\/wp-json\/wp\/v2\/types\/page"}],"author":[{"embeddable":true,"href":"https:\/\/percycar.com\/estaciones\/wp-json\/wp\/v2\/users\/1"}],"replies":[{"embeddable":true,"href":"https:\/\/percycar.com\/estaciones\/wp-json\/wp\/v2\/comments?post=538"}],"version-history":[{"count":84,"href":"https:\/\/percycar.com\/estaciones\/wp-json\/wp\/v2\/pages\/538\/revisions"}],"predecessor-version":[{"id":2120,"href":"https:\/\/percycar.com\/estaciones\/wp-json\/wp\/v2\/pages\/538\/revisions\/2120"}],"wp:attachment":[{"href":"https:\/\/percycar.com\/estaciones\/wp-json\/wp\/v2\/media?parent=538"}],"curies":[{"name":"wp","href":"https:\/\/api.w.org\/{rel}","templated":true}]}}